{"id":4264,"date":"2020-11-12T13:21:34","date_gmt":"2020-11-12T12:21:34","guid":{"rendered":"https:\/\/perenitysoftware.com\/politique-de-confidentialite\/"},"modified":"2020-11-12T13:32:15","modified_gmt":"2020-11-12T12:32:15","slug":"privacy-policy","status":"publish","type":"page","link":"https:\/\/perenitysoftware.com\/en\/privacy-policy\/","title":{"rendered":"Privacy policy"},"content":{"rendered":"<div>\n<p>Le pr\u00e9sent site internet accessible \u00e0 l\u2019adresse http:\/\/www.perenitysoftware.com (ci-apr\u00e8s d\u00e9sign\u00e9 le \u00ab Site \u00bb) est \u00e9dit\u00e9 par la soci\u00e9t\u00e9 PERENITY Software.<\/p>\n<p>Editeur du site :<br \/>PERENITY Software \u2013 Capital 4 000 000,00 MAD \u2013 RC 121293 \u00e0 CASABLANCA<\/p>\n<p>Si\u00e8ge social :<br \/>N\u00b0 42 Boulevard Abdelmoumen, 8\u00e8me \u00e9tage, Casablanca 20340 Maroc<br \/>T\u00e9l\u00e9phone : +212 (0)5 22 77 82 82<br \/>Email de contact : sales@perenitysoftware.com<\/p>\n<p>Publication :<br \/>Direction commerciale<br \/>Email de contact : sales@perenitysoftware.com<\/p>\n<p>H\u00e9bergement :<br \/>Le Site est h\u00e9berg\u00e9 par : OVH<\/p>\n<p>Tous les d\u00e9tails, documents, illustrations et th\u00e8mes publi\u00e9s sur ce site internet sont la propri\u00e9t\u00e9 de PERENITY Software. Aucun \u00e9l\u00e9ment composant le site ne peut \u00eatre utilis\u00e9 de quelque mani\u00e8re que ce soit, sous quelque support que ce soit, de fa\u00e7on partielle ou int\u00e9grale, sans l\u2019autorisation \u00e9crite et pr\u00e9alable de PERENITY Software, et constituerait une contrefa\u00e7on sanctionn\u00e9e par les articles concern\u00e9s du Code de la propri\u00e9t\u00e9 intellectuelle.<br \/>Toute permission d\u2019utilisation de ces d\u00e9tails, documents, illustrations et th\u00e8mes est accord\u00e9e sous r\u00e9serve que l\u2019avis des droits d\u2019auteur apparaisse sur toutes les copies, que ces d\u00e9tails ne soient utilis\u00e9s qu\u2019\u00e0 des fins personnelles et non commerciales, qu\u2019ils ne soient modifi\u00e9s d\u2019aucune fa\u00e7on.<br \/>La mention suivante doit notamment appara\u00eetre sur toute copie autoris\u00e9e de tout ou partie du contenu du site: \u201cCopyright 2020 \u2013 de PERENITY Software. Tous droits r\u00e9serv\u00e9s\u201d accompagn\u00e9e d\u2019un lien pointant vers le site http:\/\/www.perenitysoftware.com<br \/>Toute utilisation autoris\u00e9e des \u00e9l\u00e9ments composant ou figurant dans le site doit se faire sans d\u00e9naturation, modification ou alt\u00e9ration de quelque mani\u00e8re que ce soit.<\/p>\n<\/div>\n<p><!-- {\"type\":\"layout\",\"children\":[{\"name\":\"Header Page Shape\",\"type\":\"section\",\"props\":{\"style\":\"muted\",\"width\":\"default\",\"vertical_align\":\"middle\",\"title_position\":\"top-left\",\"title_rotation\":\"left\",\"title_breakpoint\":\"xl\",\"image_position\":\"center-center\",\"text_color\":\"dark\",\"padding\":\"xsmall\",\"padding_remove_top\":false,\"image\":\"wp-content\\\/uploads\\\/2020\\\/06\\\/shape-bg.svg\",\"image_size\":\"cover\",\"media_blend_mode\":\"overlay\",\"media_overlay\":\"rgba(247, 247, 247, 0.3)\",\"image_parallax_bgy_start\":\"0\",\"image_parallax_bgy_end\":\"200\",\"padding_remove_horizontal\":false,\"padding_remove_bottom\":false},\"children\":[{\"name\":\"\",\"type\":\"row\",\"props\":{\"width\":\"default\"},\"children\":[{\"name\":\"\",\"type\":\"column\",\"props\":{\"image_position\":\"center-center\",\"media_overlay_gradient\":\"\",\"width_medium\":\"1-1\"},\"children\":[{\"type\":\"headline\",\"props\":{\"title_element\":\"h1\",\"title_style\":\"h1\",\"text_align\":\"center\"},\"source\":{\"query\":{\"name\":\"pages.singlePage\"},\"props\":{\"content\":{\"name\":\"title\",\"filters\":{\"search\":\"\"}}}}}]}]}]},{\"type\":\"section\",\"props\":{\"style\":\"default\",\"width\":\"default\",\"vertical_align\":\"middle\",\"title_position\":\"top-left\",\"title_rotation\":\"left\",\"title_breakpoint\":\"xl\",\"image_position\":\"center-center\"},\"children\":[{\"type\":\"row\",\"children\":[{\"type\":\"column\",\"props\":{\"image_position\":\"center-center\",\"media_overlay_gradient\":\"\"},\"children\":[{\"type\":\"text\",\"props\":{\"margin\":\"default\",\"column_breakpoint\":\"m\",\"content\":\"\n\n<p>Le pr\\u00e9sent site internet accessible \\u00e0 l\\u2019adresse http:\\\/\\\/www.perenitysoftware.com (ci-apr\\u00e8s d\\u00e9sign\\u00e9 le \\u00ab Site \\u00bb) est \\u00e9dit\\u00e9 par la soci\\u00e9t\\u00e9 PERENITY Software.<\\\/p>\\n\n\n<p>Editeur du site :<br \\\/>PERENITY Software \\u2013 Capital 4 000 000,00 MAD \\u2013 RC 121293 \\u00e0 CASABLANCA<\\\/p>\\n\n\n<p>Si\\u00e8ge social :<br \\\/>N\\u00b0 42 Boulevard Abdelmoumen, 8\\u00e8me \\u00e9tage, Casablanca 20340 Maroc<br \\\/>T\\u00e9l\\u00e9phone : +212 (0)5 22 77 82 82<br \\\/>Email de contact : sales@perenitysoftware.com<\\\/p>\\n\n\n<p>Publication :<br \\\/>Direction commerciale<br \\\/>Email de contact : sales@perenitysoftware.com<\\\/p>\\n\n\n<p>H\\u00e9bergement :<br \\\/>Le Site est h\\u00e9berg\\u00e9 par : OVH<\\\/p>\\n\n\n<p>Tous les d\\u00e9tails, documents, illustrations et th\\u00e8mes publi\\u00e9s sur ce site internet sont la propri\\u00e9t\\u00e9 de PERENITY Software. Aucun \\u00e9l\\u00e9ment composant le site ne peut \\u00eatre utilis\\u00e9 de quelque mani\\u00e8re que ce soit, sous quelque support que ce soit, de fa\\u00e7on partielle ou int\\u00e9grale, sans l\\u2019autorisation \\u00e9crite et pr\\u00e9alable de PERENITY Software, et constituerait une contrefa\\u00e7on sanctionn\\u00e9e par les articles concern\\u00e9s du Code de la propri\\u00e9t\\u00e9 intellectuelle.<br \\\/>Toute permission d\\u2019utilisation de ces d\\u00e9tails, documents, illustrations et th\\u00e8mes est accord\\u00e9e sous r\\u00e9serve que l\\u2019avis des droits d\\u2019auteur apparaisse sur toutes les copies, que ces d\\u00e9tails ne soient utilis\\u00e9s qu\\u2019\\u00e0 des fins personnelles et non commerciales, qu\\u2019ils ne soient modifi\\u00e9s d\\u2019aucune fa\\u00e7on.<br \\\/>La mention suivante doit notamment appara\\u00eetre sur toute copie autoris\\u00e9e de tout ou partie du contenu du site: \\u201cCopyright 2020 \\u2013 de PERENITY Software. Tous droits r\\u00e9serv\\u00e9s\\u201d accompagn\\u00e9e d\\u2019un lien pointant vers le site http:\\\/\\\/www.perenitysoftware.com<br \\\/>Toute utilisation autoris\\u00e9e des \\u00e9l\\u00e9ments composant ou figurant dans le site doit se faire sans d\\u00e9naturation, modification ou alt\\u00e9ration de quelque mani\\u00e8re que ce soit.<\\\/p>\"}}]}]}]}],\"version\":\"2.1.1\"} --><\/p>\n","protected":false},"excerpt":{"rendered":"<p>Le pr\u00e9sent site internet accessible \u00e0 l\u2019adresse http:\/\/www.perenitysoftware.com (ci-apr\u00e8s d\u00e9sign\u00e9 le \u00ab Site \u00bb) est \u00e9dit\u00e9 par la soci\u00e9t\u00e9 PERENITY Software. Editeur du site :PERENITY Software \u2013 Capital 4 000 000,00 MAD \u2013 RC 121293 \u00e0 CASABLANCA Si\u00e8ge social :N\u00b0 42 Boulevard Abdelmoumen, 8\u00e8me \u00e9tage, Casablanca 20340 MarocT\u00e9l\u00e9phone : +212 (0)5 22 77 82 82Email [&hellip;]<\/p>\n","protected":false},"author":6,"featured_media":0,"parent":0,"menu_order":45,"comment_status":"closed","ping_status":"closed","template":"","meta":[],"_links":{"self":[{"href":"https:\/\/perenitysoftware.com\/en\/wp-json\/wp\/v2\/pages\/4264"}],"collection":[{"href":"https:\/\/perenitysoftware.com\/en\/wp-json\/wp\/v2\/pages"}],"about":[{"href":"https:\/\/perenitysoftware.com\/en\/wp-json\/wp\/v2\/types\/page"}],"author":[{"embeddable":true,"href":"https:\/\/perenitysoftware.com\/en\/wp-json\/wp\/v2\/users\/6"}],"replies":[{"embeddable":true,"href":"https:\/\/perenitysoftware.com\/en\/wp-json\/wp\/v2\/comments?post=4264"}],"version-history":[{"count":2,"href":"https:\/\/perenitysoftware.com\/en\/wp-json\/wp\/v2\/pages\/4264\/revisions"}],"predecessor-version":[{"id":4266,"href":"https:\/\/perenitysoftware.com\/en\/wp-json\/wp\/v2\/pages\/4264\/revisions\/4266"}],"wp:attachment":[{"href":"https:\/\/perenitysoftware.com\/en\/wp-json\/wp\/v2\/media?parent=4264"}],"curies":[{"name":"wp","href":"https:\/\/api.w.org\/{rel}","templated":true}]}}